{"id":484,"date":"2023-09-25T19:03:44","date_gmt":"2023-09-25T17:03:44","guid":{"rendered":"https:\/\/adhocstudio.be\/?page_id=484"},"modified":"2024-09-11T14:11:21","modified_gmt":"2024-09-11T12:11:21","slug":"patatak","status":"publish","type":"page","link":"https:\/\/adhocstudio.be\/en\/projets\/patatak\/","title":{"rendered":"Patatak"},"content":{"rendered":"<style>.kb-row-layout-id484_403012-a8 > .kt-row-column-wrap{align-content:start;}:where(.kb-row-layout-id484_403012-a8 > .kt-row-column-wrap) > .wp-block-kadence-column{justify-content:start;}.kb-row-layout-id484_403012-a8 > .kt-row-column-wrap{column-gap:var(--global-kb-gap-md, 2rem);row-gap:var(--global-kb-gap-md, 2rem);padding-top:var(--global-kb-spacing-sm, 1.5rem);padding-bottom:var(--global-kb-spacing-sm, 1.5rem);grid-template-columns:repeat(2, minmax(0, 1fr));}.kb-row-layout-id484_403012-a8 > .kt-row-layout-overlay{opacity:0.30;}@media all and (max-width: 1024px){.kb-row-layout-id484_403012-a8 > .kt-row-column-wrap{grid-template-columns:repeat(2, minmax(0, 1fr));}}@media all and (max-width: 767px){.kb-row-layout-id484_403012-a8 > .kt-row-column-wrap{grid-template-columns:minmax(0, 1fr);}}<\/style><div class=\"kb-row-layout-wrap kb-row-layout-id484_403012-a8 alignnone wp-block-kadence-rowlayout\"><div class=\"kt-row-column-wrap kt-has-2-columns kt-row-layout-equal kt-tab-layout-inherit kt-mobile-layout-row kt-row-valign-top\">\n<style>#wrapper.site{overflow:clip;}.kadence-column484_c0c56e-ed{--kb-section-setting-offset:80px;}.kadence-column484_c0c56e-ed > .kt-inside-inner-col,.kadence-column484_c0c56e-ed > .kt-inside-inner-col:before{border-top-left-radius:0px;border-top-right-radius:0px;border-bottom-right-radius:0px;border-bottom-left-radius:0px;}.kadence-column484_c0c56e-ed > .kt-inside-inner-col{column-gap:var(--global-kb-gap-sm, 1rem);}.kadence-column484_c0c56e-ed > .kt-inside-inner-col{flex-direction:column;}.kadence-column484_c0c56e-ed > .kt-inside-inner-col > .aligncenter{width:100%;}.kadence-column484_c0c56e-ed > .kt-inside-inner-col:before{opacity:0.3;}.kadence-column484_c0c56e-ed{position:relative;}@media all and (max-width: 1024px){.kadence-column484_c0c56e-ed > .kt-inside-inner-col{flex-direction:column;justify-content:center;}}@media all and (max-width: 767px){.kadence-column484_c0c56e-ed > .kt-inside-inner-col{flex-direction:column;justify-content:center;}}<\/style>\n<div class=\"wp-block-kadence-column kadence-column484_c0c56e-ed kb-section-is-sticky\"><div class=\"kt-inside-inner-col\"><style>.wp-block-kadence-iconlist.kt-svg-icon-list-items484_8f064c-6a:not(.this-stops-third-party-issues){margin-top:0px;margin-bottom:0px;}.wp-block-kadence-iconlist.kt-svg-icon-list-items484_8f064c-6a ul.kt-svg-icon-list:not(.this-prevents-issues):not(.this-stops-third-party-issues):not(.tijsloc){margin-top:0px;margin-right:0px;margin-bottom:0px;margin-left:0px;column-gap:30px;}.wp-block-kadence-iconlist.kt-svg-icon-list-items484_8f064c-6a ul.kt-svg-icon-list{grid-row-gap:30px;}.wp-block-kadence-iconlist.kt-svg-icon-list-items484_8f064c-6a .kb-svg-icon-wrap{font-size:20px;color:rgba(17,7,245,0);}.wp-block-kadence-iconlist.kt-svg-icon-list-items484_8f064c-6a ul.kt-svg-icon-list .kt-svg-icon-list-item-wrap .kt-svg-icon-list-single{margin-right:15px;}.kt-svg-icon-list-items484_8f064c-6a ul.kt-svg-icon-list .kt-svg-icon-list-item-wrap, .kt-svg-icon-list-items484_8f064c-6a ul.kt-svg-icon-list .kt-svg-icon-list-item-wrap a{font-family:Nunito;font-weight:400;}.kt-svg-icon-list-items484_8f064c-6a ul.kt-svg-icon-list .kt-svg-icon-list-level-0 .kt-svg-icon-list-single svg{font-size:20px;}<\/style>\n<div class=\"wp-block-kadence-iconlist kt-svg-icon-list-items kt-svg-icon-list-items484_8f064c-6a kt-svg-icon-list-columns-1 alignnone\"><ul class=\"kt-svg-icon-list\"><style>.kt-svg-icon-list-item-484_91e2ae-70 .kt-svg-icon-list-single{font-size:0px !important;}.kt-svg-icon-list-item-484_91e2ae-70 .kt-svg-icon-list-text mark.kt-highlight{background-color:unset;font-style:normal;color:#f76a0c;-webkit-box-decoration-break:clone;box-decoration-break:clone;padding-top:0px;padding-right:0px;padding-bottom:0px;padding-left:0px;}<\/style>\n<li class=\"wp-block-kadence-listitem kt-svg-icon-list-item-wrap kt-svg-icon-list-item-484_91e2ae-70 kt-svg-icon-list-style-default\"><span class=\"kt-svg-icon-list-text\"><\/span><\/li>\n\n\n<style>.kt-svg-icon-list-item-484_92da27-94 .kt-svg-icon-list-single{font-size:0px !important;}.kt-svg-icon-list-item-484_92da27-94 .kt-svg-icon-list-text mark.kt-highlight{background-color:unset;font-style:normal;color:#f76a0c;-webkit-box-decoration-break:clone;box-decoration-break:clone;padding-top:0px;padding-right:0px;padding-bottom:0px;padding-left:0px;}<\/style>\n<li class=\"wp-block-kadence-listitem kt-svg-icon-list-item-wrap kt-svg-icon-list-item-484_92da27-94 kt-svg-icon-list-style-default\"><span class=\"kb-svg-icon-wrap kb-svg-icon-fe_codepen kt-svg-icon-list-single\"><svg viewbox=\"0 0 24 24\"  fill=\"none\" stroke=\"currentColor\" stroke-width=\"1\" stroke-linecap=\"round\" stroke-linejoin=\"round\" xmlns=\"http:\/\/www.w3.org\/2000\/svg\"  aria-hidden=\"true\"><polygon points=\"12 2 22 8.5 22 15.5 12 22 2 15.5 2 8.5 12 2\"\/><line x1=\"12\" y1=\"22\" x2=\"12\" y2=\"15.5\"\/><polyline points=\"22 8.5 12 15.5 2 8.5\"\/><polyline points=\"2 15.5 12 8.5 22 15.5\"\/><line x1=\"12\" y1=\"2\" x2=\"12\" y2=\"8.5\"\/><\/svg><\/span><span class=\"kt-svg-icon-list-text\">Patatak<\/span><\/li>\n\n\n<style>.kt-svg-icon-list-item-484_98e0f3-74 .kt-svg-icon-list-text mark.kt-highlight{background-color:unset;font-style:normal;color:#f76a0c;-webkit-box-decoration-break:clone;box-decoration-break:clone;padding-top:0px;padding-right:0px;padding-bottom:0px;padding-left:0px;}<\/style>\n<li class=\"wp-block-kadence-listitem kt-svg-icon-list-item-wrap kt-svg-icon-list-item-484_98e0f3-74\"><span class=\"kb-svg-icon-wrap kb-svg-icon-fe_codepen kt-svg-icon-list-single\"><svg viewbox=\"0 0 24 24\"  fill=\"none\" stroke=\"currentColor\" stroke-width=\"1\" stroke-linecap=\"round\" stroke-linejoin=\"round\" xmlns=\"http:\/\/www.w3.org\/2000\/svg\"  aria-hidden=\"true\"><polygon points=\"12 2 22 8.5 22 15.5 12 22 2 15.5 2 8.5 12 2\"\/><line x1=\"12\" y1=\"22\" x2=\"12\" y2=\"15.5\"\/><polyline points=\"22 8.5 12 15.5 2 8.5\"\/><polyline points=\"2 15.5 12 8.5 22 15.5\"\/><line x1=\"12\" y1=\"2\" x2=\"12\" y2=\"8.5\"\/><\/svg><\/span><span class=\"kt-svg-icon-list-text\">Patatak, Rue de la Bourse 34, 1000 Bruxelles<\/span><\/li>\n\n\n<style>.kt-svg-icon-list-item-484_36b91e-3d .kt-svg-icon-list-text mark.kt-highlight{background-color:unset;font-style:normal;color:#f76a0c;-webkit-box-decoration-break:clone;box-decoration-break:clone;padding-top:0px;padding-right:0px;padding-bottom:0px;padding-left:0px;}<\/style>\n<li class=\"wp-block-kadence-listitem kt-svg-icon-list-item-wrap kt-svg-icon-list-item-484_36b91e-3d\"><span class=\"kb-svg-icon-wrap kb-svg-icon-fe_codepen kt-svg-icon-list-single\"><svg viewbox=\"0 0 24 24\"  fill=\"none\" stroke=\"currentColor\" stroke-width=\"1\" stroke-linecap=\"round\" stroke-linejoin=\"round\" xmlns=\"http:\/\/www.w3.org\/2000\/svg\"  aria-hidden=\"true\"><polygon points=\"12 2 22 8.5 22 15.5 12 22 2 15.5 2 8.5 12 2\"\/><line x1=\"12\" y1=\"22\" x2=\"12\" y2=\"15.5\"\/><polyline points=\"22 8.5 12 15.5 2 8.5\"\/><polyline points=\"2 15.5 12 8.5 22 15.5\"\/><line x1=\"12\" y1=\"2\" x2=\"12\" y2=\"8.5\"\/><\/svg><\/span><span class=\"kt-svg-icon-list-text\">2020<\/span><\/li>\n\n\n<style>.kt-svg-icon-list-item-484_1665a9-6d .kt-svg-icon-list-text mark.kt-highlight{background-color:unset;font-style:normal;color:#f76a0c;-webkit-box-decoration-break:clone;box-decoration-break:clone;padding-top:0px;padding-right:0px;padding-bottom:0px;padding-left:0px;}<\/style>\n<li class=\"wp-block-kadence-listitem kt-svg-icon-list-item-wrap kt-svg-icon-list-item-484_1665a9-6d\"><span class=\"kb-svg-icon-wrap kb-svg-icon-fe_codepen kt-svg-icon-list-single\"><svg viewbox=\"0 0 24 24\"  fill=\"none\" stroke=\"currentColor\" stroke-width=\"1\" stroke-linecap=\"round\" stroke-linejoin=\"round\" xmlns=\"http:\/\/www.w3.org\/2000\/svg\"  aria-hidden=\"true\"><polygon points=\"12 2 22 8.5 22 15.5 12 22 2 15.5 2 8.5 12 2\"\/><line x1=\"12\" y1=\"22\" x2=\"12\" y2=\"15.5\"\/><polyline points=\"22 8.5 12 15.5 2 8.5\"\/><polyline points=\"2 15.5 12 8.5 22 15.5\"\/><line x1=\"12\" y1=\"2\" x2=\"12\" y2=\"8.5\"\/><\/svg><\/span><span class=\"kt-svg-icon-list-text\">Conception et production d\u2019un totem signal\u00e9tique avec des mat\u00e9riaux de r\u00e9emploie pour la friterie Patatak en face de la Bourse, \u00e0 Bruxelles.<\/span><\/li>\n\n\n<style>.kt-svg-icon-list-item-484_912230-8c .kt-svg-icon-list-text mark.kt-highlight{background-color:unset;font-style:normal;color:#f76a0c;-webkit-box-decoration-break:clone;box-decoration-break:clone;padding-top:0px;padding-right:0px;padding-bottom:0px;padding-left:0px;}<\/style>\n<li class=\"wp-block-kadence-listitem kt-svg-icon-list-item-wrap kt-svg-icon-list-item-484_912230-8c\"><span class=\"kb-svg-icon-wrap kb-svg-icon-fe_codepen kt-svg-icon-list-single\"><svg viewbox=\"0 0 24 24\"  fill=\"none\" stroke=\"currentColor\" stroke-width=\"1\" stroke-linecap=\"round\" stroke-linejoin=\"round\" xmlns=\"http:\/\/www.w3.org\/2000\/svg\"  aria-hidden=\"true\"><polygon points=\"12 2 22 8.5 22 15.5 12 22 2 15.5 2 8.5 12 2\"\/><line x1=\"12\" y1=\"22\" x2=\"12\" y2=\"15.5\"\/><polyline points=\"22 8.5 12 15.5 2 8.5\"\/><polyline points=\"2 15.5 12 8.5 22 15.5\"\/><line x1=\"12\" y1=\"2\" x2=\"12\" y2=\"8.5\"\/><\/svg><\/span><span class=\"kt-svg-icon-list-text\"><a href=\"https:\/\/patatak.be\/fr\" data-type=\"link\" data-id=\"https:\/\/patatak.be\/fr\">https:\/\/patatak.be\/fr<\/a><\/span><\/li>\n\n\n<style>.kt-svg-icon-list-item-484_476f25-bd .kt-svg-icon-list-text mark.kt-highlight{background-color:unset;font-style:normal;color:#f76a0c;-webkit-box-decoration-break:clone;box-decoration-break:clone;padding-top:0px;padding-right:0px;padding-bottom:0px;padding-left:0px;}<\/style>\n<li class=\"wp-block-kadence-listitem kt-svg-icon-list-item-wrap kt-svg-icon-list-item-484_476f25-bd\"><span class=\"kb-svg-icon-wrap kb-svg-icon-fe_codepen kt-svg-icon-list-single\"><svg viewbox=\"0 0 24 24\"  fill=\"none\" stroke=\"currentColor\" stroke-width=\"1\" stroke-linecap=\"round\" stroke-linejoin=\"round\" xmlns=\"http:\/\/www.w3.org\/2000\/svg\"  aria-hidden=\"true\"><polygon points=\"12 2 22 8.5 22 15.5 12 22 2 15.5 2 8.5 12 2\"\/><line x1=\"12\" y1=\"22\" x2=\"12\" y2=\"15.5\"\/><polyline points=\"22 8.5 12 15.5 2 8.5\"\/><polyline points=\"2 15.5 12 8.5 22 15.5\"\/><line x1=\"12\" y1=\"2\" x2=\"12\" y2=\"8.5\"\/><\/svg><\/span><span class=\"kt-svg-icon-list-text\"><\/span><\/li>\n<\/ul><\/div>\n<\/div><\/div>\n\n\n<style>.kadence-column484_5fe1bd-b0 > .kt-inside-inner-col,.kadence-column484_5fe1bd-b0 > .kt-inside-inner-col:before{border-top-left-radius:0px;border-top-right-radius:0px;border-bottom-right-radius:0px;border-bottom-left-radius:0px;}.kadence-column484_5fe1bd-b0 > .kt-inside-inner-col{column-gap:var(--global-kb-gap-sm, 1rem);}.kadence-column484_5fe1bd-b0 > .kt-inside-inner-col{flex-direction:column;}.kadence-column484_5fe1bd-b0 > .kt-inside-inner-col > .aligncenter{width:100%;}.kadence-column484_5fe1bd-b0 > .kt-inside-inner-col:before{opacity:0.3;}.kadence-column484_5fe1bd-b0{position:relative;}@media all and (max-width: 1024px){.kadence-column484_5fe1bd-b0 > .kt-inside-inner-col{flex-direction:column;justify-content:center;}}@media all and (max-width: 767px){.kadence-column484_5fe1bd-b0 > .kt-inside-inner-col{flex-direction:column;justify-content:center;}}<\/style>\n<div class=\"wp-block-kadence-column kadence-column484_5fe1bd-b0\"><div class=\"kt-inside-inner-col\"><style>.wp-block-kadence-advancedgallery .kb-gallery-type-masonry.kb-gallery-id-484_367642-29{margin:-45.5px;}.kb-gallery-type-masonry.kb-gallery-id-484_367642-29 .kadence-blocks-gallery-item{padding:45.5px;}.kb-gallery-id-484_367642-29 .kadence-blocks-gallery-item .kb-gal-image-radius, .kb-gallery-id-484_367642-29 .kb-slide-item .kb-gal-image-radius img{border-radius:5px 5px 5px 5px;;}.wp-block-kadence-advancedgallery.kb-gallery-wrap-id-484_367642-29{overflow:visible;}.kb-gallery-id-484_367642-29 .kadence-blocks-gallery-item .kb-gal-image-radius, .kb-gallery-id-484_367642-29 .kadence-blocks-gallery-thumb-item .kb-gal-image-radius{box-shadow:4px 2px 14px 0px rgba(0, 0, 0, 0.2);}.kb-gallery-id-484_367642-29 .kadence-blocks-gallery-item:hover .kb-gal-image-radius, .kb-gallery-id-484_367642-29 .kadence-blocks-gallery-thumb-item:hover .kb-gal-image-radius{box-shadow:4px 2px 14px 0px rgba(0, 0, 0, 0.2);}<\/style><div class=\"kb-gallery-wrap-id-484_367642-29 alignnone wp-block-kadence-advancedgallery\"><ul class=\"kb-gallery-ul kb-gallery-non-static kb-gallery-type-masonry kb-masonry-init kb-gallery-id-484_367642-29 kb-gallery-caption-style-bottom-hover kb-gallery-filter-none\" data-image-filter=\"none\" data-item-selector=\".kadence-blocks-gallery-item\" data-lightbox-caption=\"true\" data-columns-xxl=\"1\" data-columns-xl=\"1\" data-columns-md=\"1\" data-columns-sm=\"1\" data-columns-xs=\"1\" data-columns-ss=\"1\"><li class=\"kadence-blocks-gallery-item\" tabindex=\"0\"><div class=\"kadence-blocks-gallery-item-inner\"><figure class=\"kb-gallery-figure kadence-blocks-gallery-item-hide-caption\"><div class=\"kb-gal-image-radius\" style=\"max-width:1024px;\"><div class=\"kb-gallery-image-contain kadence-blocks-gallery-intrinsic\" style=\"padding-bottom:75%;\"><img loading=\"lazy\" decoding=\"async\" src=\"https:\/\/adhocstudio.be\/wp-content\/uploads\/2023\/09\/IMG_20200820_192506-1024x768.jpg\" width=\"1024\" height=\"768\" alt=\"\" data-full-image=\"https:\/\/adhocstudio.be\/wp-content\/uploads\/2023\/09\/IMG_20200820_192506-scaled.jpg\" data-light-image=\"https:\/\/adhocstudio.be\/wp-content\/uploads\/2023\/09\/IMG_20200820_192506-scaled.jpg\" data-id=\"485\" class=\"wp-image-485\" srcset=\"https:\/\/adhocstudio.be\/wp-content\/uploads\/2023\/09\/IMG_20200820_192506-1024x768.jpg 1024w, https:\/\/adhocstudio.be\/wp-content\/uploads\/2023\/09\/IMG_20200820_192506-300x225.jpg 300w, https:\/\/adhocstudio.be\/wp-content\/uploads\/2023\/09\/IMG_20200820_192506-768x576.jpg 768w, https:\/\/adhocstudio.be\/wp-content\/uploads\/2023\/09\/IMG_20200820_192506-1536x1152.jpg 1536w, https:\/\/adhocstudio.be\/wp-content\/uploads\/2023\/09\/IMG_20200820_192506-2048x1536.jpg 2048w, https:\/\/adhocstudio.be\/wp-content\/uploads\/2023\/09\/IMG_20200820_192506-16x12.jpg 16w\" sizes=\"(max-width: 1024px) 100vw, 1024px\" \/><\/div><\/div><\/figure><\/div><\/li><li class=\"kadence-blocks-gallery-item\" tabindex=\"0\"><div class=\"kadence-blocks-gallery-item-inner\"><figure class=\"kb-gallery-figure kadence-blocks-gallery-item-hide-caption\"><div class=\"kb-gal-image-radius\" style=\"max-width:1024px;\"><div class=\"kb-gallery-image-contain kadence-blocks-gallery-intrinsic\" style=\"padding-bottom:75%;\"><img loading=\"lazy\" decoding=\"async\" src=\"https:\/\/adhocstudio.be\/wp-content\/uploads\/2023\/09\/IMG_20201205_122511_1-1024x768.jpg\" width=\"1024\" height=\"768\" alt=\"\" data-full-image=\"https:\/\/adhocstudio.be\/wp-content\/uploads\/2023\/09\/IMG_20201205_122511_1-scaled.jpg\" data-light-image=\"https:\/\/adhocstudio.be\/wp-content\/uploads\/2023\/09\/IMG_20201205_122511_1-scaled.jpg\" data-id=\"486\" class=\"wp-image-486\" srcset=\"https:\/\/adhocstudio.be\/wp-content\/uploads\/2023\/09\/IMG_20201205_122511_1-1024x768.jpg 1024w, https:\/\/adhocstudio.be\/wp-content\/uploads\/2023\/09\/IMG_20201205_122511_1-300x225.jpg 300w, https:\/\/adhocstudio.be\/wp-content\/uploads\/2023\/09\/IMG_20201205_122511_1-768x576.jpg 768w, https:\/\/adhocstudio.be\/wp-content\/uploads\/2023\/09\/IMG_20201205_122511_1-1536x1152.jpg 1536w, https:\/\/adhocstudio.be\/wp-content\/uploads\/2023\/09\/IMG_20201205_122511_1-2048x1536.jpg 2048w, https:\/\/adhocstudio.be\/wp-content\/uploads\/2023\/09\/IMG_20201205_122511_1-16x12.jpg 16w\" sizes=\"(max-width: 1024px) 100vw, 1024px\" \/><\/div><\/div><\/figure><\/div><\/li><li class=\"kadence-blocks-gallery-item\" tabindex=\"0\"><div class=\"kadence-blocks-gallery-item-inner\"><figure class=\"kb-gallery-figure kadence-blocks-gallery-item-hide-caption\"><div class=\"kb-gal-image-radius\" style=\"max-width:1024px;\"><div class=\"kb-gallery-image-contain kadence-blocks-gallery-intrinsic\" style=\"padding-bottom:75%;\"><img loading=\"lazy\" decoding=\"async\" src=\"https:\/\/adhocstudio.be\/wp-content\/uploads\/2023\/09\/IMG_20201206_113652-1024x768.jpg\" width=\"1024\" height=\"768\" alt=\"\" data-full-image=\"https:\/\/adhocstudio.be\/wp-content\/uploads\/2023\/09\/IMG_20201206_113652-scaled.jpg\" data-light-image=\"https:\/\/adhocstudio.be\/wp-content\/uploads\/2023\/09\/IMG_20201206_113652-scaled.jpg\" data-id=\"487\" class=\"wp-image-487\" srcset=\"https:\/\/adhocstudio.be\/wp-content\/uploads\/2023\/09\/IMG_20201206_113652-1024x768.jpg 1024w, https:\/\/adhocstudio.be\/wp-content\/uploads\/2023\/09\/IMG_20201206_113652-300x225.jpg 300w, https:\/\/adhocstudio.be\/wp-content\/uploads\/2023\/09\/IMG_20201206_113652-768x576.jpg 768w, https:\/\/adhocstudio.be\/wp-content\/uploads\/2023\/09\/IMG_20201206_113652-1536x1152.jpg 1536w, https:\/\/adhocstudio.be\/wp-content\/uploads\/2023\/09\/IMG_20201206_113652-2048x1536.jpg 2048w, https:\/\/adhocstudio.be\/wp-content\/uploads\/2023\/09\/IMG_20201206_113652-16x12.jpg 16w\" sizes=\"(max-width: 1024px) 100vw, 1024px\" \/><\/div><\/div><\/figure><\/div><\/li><li class=\"kadence-blocks-gallery-item\" tabindex=\"0\"><div class=\"kadence-blocks-gallery-item-inner\"><figure class=\"kb-gallery-figure kadence-blocks-gallery-item-hide-caption\"><div class=\"kb-gal-image-radius\" style=\"max-width:1024px;\"><div class=\"kb-gallery-image-contain kadence-blocks-gallery-intrinsic\" style=\"padding-bottom:75%;\"><img loading=\"lazy\" decoding=\"async\" src=\"https:\/\/adhocstudio.be\/wp-content\/uploads\/2023\/09\/IMG20201206113142-1-1024x768.jpg\" width=\"1024\" height=\"768\" alt=\"\" data-full-image=\"https:\/\/adhocstudio.be\/wp-content\/uploads\/2023\/09\/IMG20201206113142-1-scaled.jpg\" data-light-image=\"https:\/\/adhocstudio.be\/wp-content\/uploads\/2023\/09\/IMG20201206113142-1-scaled.jpg\" data-id=\"488\" class=\"wp-image-488\" srcset=\"https:\/\/adhocstudio.be\/wp-content\/uploads\/2023\/09\/IMG20201206113142-1-1024x768.jpg 1024w, https:\/\/adhocstudio.be\/wp-content\/uploads\/2023\/09\/IMG20201206113142-1-300x225.jpg 300w, https:\/\/adhocstudio.be\/wp-content\/uploads\/2023\/09\/IMG20201206113142-1-768x576.jpg 768w, https:\/\/adhocstudio.be\/wp-content\/uploads\/2023\/09\/IMG20201206113142-1-1536x1152.jpg 1536w, https:\/\/adhocstudio.be\/wp-content\/uploads\/2023\/09\/IMG20201206113142-1-2048x1536.jpg 2048w, https:\/\/adhocstudio.be\/wp-content\/uploads\/2023\/09\/IMG20201206113142-1-16x12.jpg 16w\" sizes=\"(max-width: 1024px) 100vw, 1024px\" \/><\/div><\/div><\/figure><\/div><\/li><\/ul><\/div><\/div><\/div>\n\n<\/div><\/div>","protected":false},"excerpt":{"rendered":"","protected":false},"author":1,"featured_media":0,"parent":22,"menu_order":0,"comment_status":"closed","ping_status":"closed","template":"","meta":{"_themeisle_gutenberg_block_has_review":false,"_kad_post_transparent":"disable","_kad_post_title":"hide","_kad_post_layout":"normal","_kad_post_sidebar_id":"","_kad_post_content_style":"unboxed","_kad_post_vertical_padding":"","_kad_post_feature":"","_kad_post_feature_position":"","_kad_post_header":false,"_kad_post_footer":true,"_kad_post_classname":"","footnotes":""},"class_list":["post-484","page","type-page","status-publish","hentry"],"_links":{"self":[{"href":"https:\/\/adhocstudio.be\/en\/wp-json\/wp\/v2\/pages\/484"}],"collection":[{"href":"https:\/\/adhocstudio.be\/en\/wp-json\/wp\/v2\/pages"}],"about":[{"href":"https:\/\/adhocstudio.be\/en\/wp-json\/wp\/v2\/types\/page"}],"author":[{"embeddable":true,"href":"https:\/\/adhocstudio.be\/en\/wp-json\/wp\/v2\/users\/1"}],"replies":[{"embeddable":true,"href":"https:\/\/adhocstudio.be\/en\/wp-json\/wp\/v2\/comments?post=484"}],"version-history":[{"count":3,"href":"https:\/\/adhocstudio.be\/en\/wp-json\/wp\/v2\/pages\/484\/revisions"}],"predecessor-version":[{"id":947,"href":"https:\/\/adhocstudio.be\/en\/wp-json\/wp\/v2\/pages\/484\/revisions\/947"}],"up":[{"embeddable":true,"href":"https:\/\/adhocstudio.be\/en\/wp-json\/wp\/v2\/pages\/22"}],"wp:attachment":[{"href":"https:\/\/adhocstudio.be\/en\/wp-json\/wp\/v2\/media?parent=484"}],"curies":[{"name":"wp","href":"https:\/\/api.w.org\/{rel}","templated":true}]}}