{"id":434,"date":"2023-09-24T23:00:51","date_gmt":"2023-09-24T21:00:51","guid":{"rendered":"https:\/\/adhocstudio.be\/?page_id=434"},"modified":"2024-09-11T14:13:33","modified_gmt":"2024-09-11T12:13:33","slug":"placet","status":"publish","type":"page","link":"https:\/\/adhocstudio.be\/en\/projets\/placet\/","title":{"rendered":"Placet"},"content":{"rendered":"<style>.kb-row-layout-id434_dcdb5b-6c > .kt-row-column-wrap{align-content:start;}:where(.kb-row-layout-id434_dcdb5b-6c > .kt-row-column-wrap) > .wp-block-kadence-column{justify-content:start;}.kb-row-layout-id434_dcdb5b-6c > .kt-row-column-wrap{column-gap:var(--global-kb-gap-md, 2rem);row-gap:var(--global-kb-gap-md, 2rem);padding-top:var(--global-kb-spacing-sm, 1.5rem);padding-bottom:var(--global-kb-spacing-sm, 1.5rem);grid-template-columns:repeat(2, minmax(0, 1fr));}.kb-row-layout-id434_dcdb5b-6c > .kt-row-layout-overlay{opacity:0.30;}@media all and (max-width: 1024px){.kb-row-layout-id434_dcdb5b-6c > .kt-row-column-wrap{grid-template-columns:repeat(2, minmax(0, 1fr));}}@media all and (max-width: 767px){.kb-row-layout-id434_dcdb5b-6c > .kt-row-column-wrap{grid-template-columns:minmax(0, 1fr);}}<\/style><div class=\"kb-row-layout-wrap kb-row-layout-id434_dcdb5b-6c alignnone wp-block-kadence-rowlayout\"><div class=\"kt-row-column-wrap kt-has-2-columns kt-row-layout-equal kt-tab-layout-inherit kt-mobile-layout-row kt-row-valign-top\">\n<style>#wrapper.site{overflow:clip;}.kadence-column434_b0d53a-47{--kb-section-setting-offset:80px;}.kadence-column434_b0d53a-47 > .kt-inside-inner-col,.kadence-column434_b0d53a-47 > .kt-inside-inner-col:before{border-top-left-radius:0px;border-top-right-radius:0px;border-bottom-right-radius:0px;border-bottom-left-radius:0px;}.kadence-column434_b0d53a-47 > .kt-inside-inner-col{column-gap:var(--global-kb-gap-sm, 1rem);}.kadence-column434_b0d53a-47 > .kt-inside-inner-col{flex-direction:column;}.kadence-column434_b0d53a-47 > .kt-inside-inner-col > .aligncenter{width:100%;}.kadence-column434_b0d53a-47 > .kt-inside-inner-col:before{opacity:0.3;}.kadence-column434_b0d53a-47{position:relative;}@media all and (max-width: 1024px){.kadence-column434_b0d53a-47 > .kt-inside-inner-col{flex-direction:column;justify-content:center;}}@media all and (max-width: 767px){.kadence-column434_b0d53a-47 > .kt-inside-inner-col{flex-direction:column;justify-content:center;}}<\/style>\n<div class=\"wp-block-kadence-column kadence-column434_b0d53a-47 kb-section-is-sticky\"><div class=\"kt-inside-inner-col\"><style>.wp-block-kadence-iconlist.kt-svg-icon-list-items434_5c3444-18:not(.this-stops-third-party-issues){margin-top:0px;margin-bottom:0px;}.wp-block-kadence-iconlist.kt-svg-icon-list-items434_5c3444-18 ul.kt-svg-icon-list:not(.this-prevents-issues):not(.this-stops-third-party-issues):not(.tijsloc){margin-top:0px;margin-right:0px;margin-bottom:0px;margin-left:0px;column-gap:30px;}.wp-block-kadence-iconlist.kt-svg-icon-list-items434_5c3444-18 ul.kt-svg-icon-list{grid-row-gap:30px;}.wp-block-kadence-iconlist.kt-svg-icon-list-items434_5c3444-18 .kb-svg-icon-wrap{font-size:20px;color:rgba(17,7,245,0);}.wp-block-kadence-iconlist.kt-svg-icon-list-items434_5c3444-18 ul.kt-svg-icon-list .kt-svg-icon-list-item-wrap .kt-svg-icon-list-single{margin-right:15px;}.kt-svg-icon-list-items434_5c3444-18 ul.kt-svg-icon-list .kt-svg-icon-list-item-wrap, .kt-svg-icon-list-items434_5c3444-18 ul.kt-svg-icon-list .kt-svg-icon-list-item-wrap a{font-family:Nunito;font-weight:400;}.kt-svg-icon-list-items434_5c3444-18 ul.kt-svg-icon-list .kt-svg-icon-list-level-0 .kt-svg-icon-list-single svg{font-size:20px;}<\/style>\n<div class=\"wp-block-kadence-iconlist kt-svg-icon-list-items kt-svg-icon-list-items434_5c3444-18 kt-svg-icon-list-columns-1 alignnone\"><ul class=\"kt-svg-icon-list\"><style>.kt-svg-icon-list-item-434_7f1bbf-85 .kt-svg-icon-list-single{font-size:0px !important;}.kt-svg-icon-list-item-434_7f1bbf-85 .kt-svg-icon-list-text mark.kt-highlight{background-color:unset;font-style:normal;color:#f76a0c;-webkit-box-decoration-break:clone;box-decoration-break:clone;padding-top:0px;padding-right:0px;padding-bottom:0px;padding-left:0px;}<\/style>\n<li class=\"wp-block-kadence-listitem kt-svg-icon-list-item-wrap kt-svg-icon-list-item-434_7f1bbf-85 kt-svg-icon-list-style-default\"><span class=\"kt-svg-icon-list-text\"><\/span><\/li>\n\n\n<style>.kt-svg-icon-list-item-434_39690d-57 .kt-svg-icon-list-single{font-size:0px !important;}.kt-svg-icon-list-item-434_39690d-57 .kt-svg-icon-list-text mark.kt-highlight{background-color:unset;font-style:normal;color:#f76a0c;-webkit-box-decoration-break:clone;box-decoration-break:clone;padding-top:0px;padding-right:0px;padding-bottom:0px;padding-left:0px;}<\/style>\n<li class=\"wp-block-kadence-listitem kt-svg-icon-list-item-wrap kt-svg-icon-list-item-434_39690d-57 kt-svg-icon-list-style-default\"><span class=\"kb-svg-icon-wrap kb-svg-icon-fe_codepen kt-svg-icon-list-single\"><svg viewbox=\"0 0 24 24\"  fill=\"none\" stroke=\"currentColor\" stroke-width=\"1\" stroke-linecap=\"round\" stroke-linejoin=\"round\" xmlns=\"http:\/\/www.w3.org\/2000\/svg\"  aria-hidden=\"true\"><polygon points=\"12 2 22 8.5 22 15.5 12 22 2 15.5 2 8.5 12 2\"\/><line x1=\"12\" y1=\"22\" x2=\"12\" y2=\"15.5\"\/><polyline points=\"22 8.5 12 15.5 2 8.5\"\/><polyline points=\"2 15.5 12 8.5 22 15.5\"\/><line x1=\"12\" y1=\"2\" x2=\"12\" y2=\"8.5\"\/><\/svg><\/span><span class=\"kt-svg-icon-list-text\">Placet<\/span><\/li>\n\n\n<style>.kt-svg-icon-list-item-434_f75538-62 .kt-svg-icon-list-text mark.kt-highlight{background-color:unset;font-style:normal;color:#f76a0c;-webkit-box-decoration-break:clone;box-decoration-break:clone;padding-top:0px;padding-right:0px;padding-bottom:0px;padding-left:0px;}<\/style>\n<li class=\"wp-block-kadence-listitem kt-svg-icon-list-item-wrap kt-svg-icon-list-item-434_f75538-62\"><span class=\"kb-svg-icon-wrap kb-svg-icon-fe_codepen kt-svg-icon-list-single\"><svg viewbox=\"0 0 24 24\"  fill=\"none\" stroke=\"currentColor\" stroke-width=\"1\" stroke-linecap=\"round\" stroke-linejoin=\"round\" xmlns=\"http:\/\/www.w3.org\/2000\/svg\"  aria-hidden=\"true\"><polygon points=\"12 2 22 8.5 22 15.5 12 22 2 15.5 2 8.5 12 2\"\/><line x1=\"12\" y1=\"22\" x2=\"12\" y2=\"15.5\"\/><polyline points=\"22 8.5 12 15.5 2 8.5\"\/><polyline points=\"2 15.5 12 8.5 22 15.5\"\/><line x1=\"12\" y1=\"2\" x2=\"12\" y2=\"8.5\"\/><\/svg><\/span><span class=\"kt-svg-icon-list-text\">asbl<strong> <\/strong>Placet, rue des Sports 2, 1348 Ottignies-Louvain-la-Neuve<\/span><\/li>\n\n\n<style>.kt-svg-icon-list-item-434_dd9c48-4f .kt-svg-icon-list-text mark.kt-highlight{background-color:unset;font-style:normal;color:#f76a0c;-webkit-box-decoration-break:clone;box-decoration-break:clone;padding-top:0px;padding-right:0px;padding-bottom:0px;padding-left:0px;}<\/style>\n<li class=\"wp-block-kadence-listitem kt-svg-icon-list-item-wrap kt-svg-icon-list-item-434_dd9c48-4f\"><span class=\"kb-svg-icon-wrap kb-svg-icon-fe_codepen kt-svg-icon-list-single\"><svg viewbox=\"0 0 24 24\"  fill=\"none\" stroke=\"currentColor\" stroke-width=\"1\" stroke-linecap=\"round\" stroke-linejoin=\"round\" xmlns=\"http:\/\/www.w3.org\/2000\/svg\"  aria-hidden=\"true\"><polygon points=\"12 2 22 8.5 22 15.5 12 22 2 15.5 2 8.5 12 2\"\/><line x1=\"12\" y1=\"22\" x2=\"12\" y2=\"15.5\"\/><polyline points=\"22 8.5 12 15.5 2 8.5\"\/><polyline points=\"2 15.5 12 8.5 22 15.5\"\/><line x1=\"12\" y1=\"2\" x2=\"12\" y2=\"8.5\"\/><\/svg><\/span><span class=\"kt-svg-icon-list-text\">2019<\/span><\/li>\n\n\n<style>.kt-svg-icon-list-item-434_5b7c49-d8 .kt-svg-icon-list-text mark.kt-highlight{background-color:unset;font-style:normal;color:#f76a0c;-webkit-box-decoration-break:clone;box-decoration-break:clone;padding-top:0px;padding-right:0px;padding-bottom:0px;padding-left:0px;}<\/style>\n<li class=\"wp-block-kadence-listitem kt-svg-icon-list-item-wrap kt-svg-icon-list-item-434_5b7c49-d8\"><span class=\"kb-svg-icon-wrap kb-svg-icon-fe_codepen kt-svg-icon-list-single\"><svg viewbox=\"0 0 24 24\"  fill=\"none\" stroke=\"currentColor\" stroke-width=\"1\" stroke-linecap=\"round\" stroke-linejoin=\"round\" xmlns=\"http:\/\/www.w3.org\/2000\/svg\"  aria-hidden=\"true\"><polygon points=\"12 2 22 8.5 22 15.5 12 22 2 15.5 2 8.5 12 2\"\/><line x1=\"12\" y1=\"22\" x2=\"12\" y2=\"15.5\"\/><polyline points=\"22 8.5 12 15.5 2 8.5\"\/><polyline points=\"2 15.5 12 8.5 22 15.5\"\/><line x1=\"12\" y1=\"2\" x2=\"12\" y2=\"8.5\"\/><\/svg><\/span><span class=\"kt-svg-icon-list-text\">Mission de co-participation, conception, et r\u00e9alisation. Placet est un projet de r\u00e9organisation et d\u2019am\u00e9nagement d\u2019int\u00e9rieur pour une pi\u00e8ce-bureau polyvalent pour l\u2019asbl Placet. Le projet a \u00e9t\u00e9 totalement con\u00e7u en co-design avec la participation active des usagers \u00e0 toutes les phases du projet.<\/span><\/li>\n\n\n<style>.kt-svg-icon-list-item-434_4ce629-b9 .kt-svg-icon-list-text mark.kt-highlight{background-color:unset;font-style:normal;color:#f76a0c;-webkit-box-decoration-break:clone;box-decoration-break:clone;padding-top:0px;padding-right:0px;padding-bottom:0px;padding-left:0px;}<\/style>\n<li class=\"wp-block-kadence-listitem kt-svg-icon-list-item-wrap kt-svg-icon-list-item-434_4ce629-b9\"><span class=\"kb-svg-icon-wrap kb-svg-icon-fe_codepen kt-svg-icon-list-single\"><svg viewbox=\"0 0 24 24\"  fill=\"none\" stroke=\"currentColor\" stroke-width=\"1\" stroke-linecap=\"round\" stroke-linejoin=\"round\" xmlns=\"http:\/\/www.w3.org\/2000\/svg\"  aria-hidden=\"true\"><polygon points=\"12 2 22 8.5 22 15.5 12 22 2 15.5 2 8.5 12 2\"\/><line x1=\"12\" y1=\"22\" x2=\"12\" y2=\"15.5\"\/><polyline points=\"22 8.5 12 15.5 2 8.5\"\/><polyline points=\"2 15.5 12 8.5 22 15.5\"\/><line x1=\"12\" y1=\"2\" x2=\"12\" y2=\"8.5\"\/><\/svg><\/span><span class=\"kt-svg-icon-list-text\"><a href=\"https:\/\/www.placet.be\/index.php\/fr\/\" data-type=\"link\" data-id=\"https:\/\/www.placet.be\/index.php\/fr\/\">https:\/\/www.placet.be\/index.php\/fr\/<\/a><\/span><\/li>\n\n\n<style>.kt-svg-icon-list-item-434_60c7b1-54 .kt-svg-icon-list-text mark.kt-highlight{background-color:unset;font-style:normal;color:#f76a0c;-webkit-box-decoration-break:clone;box-decoration-break:clone;padding-top:0px;padding-right:0px;padding-bottom:0px;padding-left:0px;}<\/style>\n<li class=\"wp-block-kadence-listitem kt-svg-icon-list-item-wrap kt-svg-icon-list-item-434_60c7b1-54\"><span class=\"kb-svg-icon-wrap kb-svg-icon-fe_codepen kt-svg-icon-list-single\"><svg viewbox=\"0 0 24 24\"  fill=\"none\" stroke=\"currentColor\" stroke-width=\"1\" stroke-linecap=\"round\" stroke-linejoin=\"round\" xmlns=\"http:\/\/www.w3.org\/2000\/svg\"  aria-hidden=\"true\"><polygon points=\"12 2 22 8.5 22 15.5 12 22 2 15.5 2 8.5 12 2\"\/><line x1=\"12\" y1=\"22\" x2=\"12\" y2=\"15.5\"\/><polyline points=\"22 8.5 12 15.5 2 8.5\"\/><polyline points=\"2 15.5 12 8.5 22 15.5\"\/><line x1=\"12\" y1=\"2\" x2=\"12\" y2=\"8.5\"\/><\/svg><\/span><span class=\"kt-svg-icon-list-text\"><\/span><\/li>\n<\/ul><\/div>\n<\/div><\/div>\n\n\n<style>.kadence-column434_2c8a5f-e5 > .kt-inside-inner-col,.kadence-column434_2c8a5f-e5 > .kt-inside-inner-col:before{border-top-left-radius:0px;border-top-right-radius:0px;border-bottom-right-radius:0px;border-bottom-left-radius:0px;}.kadence-column434_2c8a5f-e5 > .kt-inside-inner-col{column-gap:var(--global-kb-gap-sm, 1rem);}.kadence-column434_2c8a5f-e5 > .kt-inside-inner-col{flex-direction:column;}.kadence-column434_2c8a5f-e5 > .kt-inside-inner-col > .aligncenter{width:100%;}.kadence-column434_2c8a5f-e5 > .kt-inside-inner-col:before{opacity:0.3;}.kadence-column434_2c8a5f-e5{position:relative;}@media all and (max-width: 1024px){.kadence-column434_2c8a5f-e5 > .kt-inside-inner-col{flex-direction:column;justify-content:center;}}@media all and (max-width: 767px){.kadence-column434_2c8a5f-e5 > .kt-inside-inner-col{flex-direction:column;justify-content:center;}}<\/style>\n<div class=\"wp-block-kadence-column kadence-column434_2c8a5f-e5\"><div class=\"kt-inside-inner-col\"><style>.wp-block-kadence-advancedgallery .kb-gallery-type-masonry.kb-gallery-id-434_5a55b5-fc{margin:-45.5px;}.kb-gallery-type-masonry.kb-gallery-id-434_5a55b5-fc .kadence-blocks-gallery-item{padding:45.5px;}.kb-gallery-id-434_5a55b5-fc .kadence-blocks-gallery-item .kb-gal-image-radius, .kb-gallery-id-434_5a55b5-fc .kb-slide-item .kb-gal-image-radius img{border-radius:5px 5px 5px 5px;;}.wp-block-kadence-advancedgallery.kb-gallery-wrap-id-434_5a55b5-fc{overflow:visible;}.kb-gallery-id-434_5a55b5-fc .kadence-blocks-gallery-item .kb-gal-image-radius, .kb-gallery-id-434_5a55b5-fc .kadence-blocks-gallery-thumb-item .kb-gal-image-radius{box-shadow:4px 2px 14px 0px rgba(0, 0, 0, 0.2);}.kb-gallery-id-434_5a55b5-fc .kadence-blocks-gallery-item:hover .kb-gal-image-radius, .kb-gallery-id-434_5a55b5-fc .kadence-blocks-gallery-thumb-item:hover .kb-gal-image-radius{box-shadow:4px 2px 14px 0px rgba(0, 0, 0, 0.2);}<\/style><div class=\"kb-gallery-wrap-id-434_5a55b5-fc alignnone wp-block-kadence-advancedgallery\"><ul class=\"kb-gallery-ul kb-gallery-non-static kb-gallery-type-masonry kb-masonry-init kb-gallery-id-434_5a55b5-fc kb-gallery-caption-style-bottom-hover kb-gallery-filter-none\" data-image-filter=\"none\" data-item-selector=\".kadence-blocks-gallery-item\" data-lightbox-caption=\"true\" data-columns-xxl=\"1\" data-columns-xl=\"1\" data-columns-md=\"1\" data-columns-sm=\"1\" data-columns-xs=\"1\" data-columns-ss=\"1\"><li class=\"kadence-blocks-gallery-item\" tabindex=\"0\"><div class=\"kadence-blocks-gallery-item-inner\"><figure class=\"kb-gallery-figure kadence-blocks-gallery-item-hide-caption\"><div class=\"kb-gal-image-radius\" style=\"max-width:1024px;\"><div class=\"kb-gallery-image-contain kadence-blocks-gallery-intrinsic\" style=\"padding-bottom:65%;\"><img loading=\"lazy\" decoding=\"async\" src=\"https:\/\/adhocstudio.be\/wp-content\/uploads\/2023\/09\/placet_01-1024x667.jpg\" width=\"1024\" height=\"667\" alt=\"\" data-full-image=\"https:\/\/adhocstudio.be\/wp-content\/uploads\/2023\/09\/placet_01-scaled.jpg\" data-light-image=\"https:\/\/adhocstudio.be\/wp-content\/uploads\/2023\/09\/placet_01-scaled.jpg\" data-id=\"436\" class=\"wp-image-436\" srcset=\"https:\/\/adhocstudio.be\/wp-content\/uploads\/2023\/09\/placet_01-1024x667.jpg 1024w, https:\/\/adhocstudio.be\/wp-content\/uploads\/2023\/09\/placet_01-300x196.jpg 300w, https:\/\/adhocstudio.be\/wp-content\/uploads\/2023\/09\/placet_01-768x501.jpg 768w, https:\/\/adhocstudio.be\/wp-content\/uploads\/2023\/09\/placet_01-1536x1001.jpg 1536w, https:\/\/adhocstudio.be\/wp-content\/uploads\/2023\/09\/placet_01-2048x1335.jpg 2048w, https:\/\/adhocstudio.be\/wp-content\/uploads\/2023\/09\/placet_01-18x12.jpg 18w\" sizes=\"(max-width: 1024px) 100vw, 1024px\" \/><\/div><\/div><\/figure><\/div><\/li><li class=\"kadence-blocks-gallery-item\" tabindex=\"0\"><div class=\"kadence-blocks-gallery-item-inner\"><figure class=\"kb-gallery-figure kadence-blocks-gallery-item-hide-caption\"><div class=\"kb-gal-image-radius\" style=\"max-width:1024px;\"><div class=\"kb-gallery-image-contain kadence-blocks-gallery-intrinsic\" style=\"padding-bottom:66%;\"><img loading=\"lazy\" decoding=\"async\" src=\"https:\/\/adhocstudio.be\/wp-content\/uploads\/2023\/09\/placet_02-1024x681.jpg\" width=\"1024\" height=\"681\" alt=\"\" data-full-image=\"https:\/\/adhocstudio.be\/wp-content\/uploads\/2023\/09\/placet_02-scaled.jpg\" data-light-image=\"https:\/\/adhocstudio.be\/wp-content\/uploads\/2023\/09\/placet_02-scaled.jpg\" data-id=\"437\" class=\"wp-image-437\" srcset=\"https:\/\/adhocstudio.be\/wp-content\/uploads\/2023\/09\/placet_02-1024x681.jpg 1024w, https:\/\/adhocstudio.be\/wp-content\/uploads\/2023\/09\/placet_02-300x199.jpg 300w, https:\/\/adhocstudio.be\/wp-content\/uploads\/2023\/09\/placet_02-768x511.jpg 768w, https:\/\/adhocstudio.be\/wp-content\/uploads\/2023\/09\/placet_02-1536x1021.jpg 1536w, https:\/\/adhocstudio.be\/wp-content\/uploads\/2023\/09\/placet_02-2048x1362.jpg 2048w, https:\/\/adhocstudio.be\/wp-content\/uploads\/2023\/09\/placet_02-18x12.jpg 18w\" sizes=\"(max-width: 1024px) 100vw, 1024px\" \/><\/div><\/div><\/figure><\/div><\/li><li class=\"kadence-blocks-gallery-item\" tabindex=\"0\"><div class=\"kadence-blocks-gallery-item-inner\"><figure class=\"kb-gallery-figure kadence-blocks-gallery-item-hide-caption\"><div class=\"kb-gal-image-radius\" style=\"max-width:1024px;\"><div class=\"kb-gallery-image-contain kadence-blocks-gallery-intrinsic\" style=\"padding-bottom:72%;\"><img loading=\"lazy\" decoding=\"async\" src=\"https:\/\/adhocstudio.be\/wp-content\/uploads\/2023\/09\/placet_03-1024x744.jpg\" width=\"1024\" height=\"744\" alt=\"\" data-full-image=\"https:\/\/adhocstudio.be\/wp-content\/uploads\/2023\/09\/placet_03-scaled.jpg\" data-light-image=\"https:\/\/adhocstudio.be\/wp-content\/uploads\/2023\/09\/placet_03-scaled.jpg\" data-id=\"438\" class=\"wp-image-438\" srcset=\"https:\/\/adhocstudio.be\/wp-content\/uploads\/2023\/09\/placet_03-1024x744.jpg 1024w, https:\/\/adhocstudio.be\/wp-content\/uploads\/2023\/09\/placet_03-300x218.jpg 300w, https:\/\/adhocstudio.be\/wp-content\/uploads\/2023\/09\/placet_03-768x558.jpg 768w, https:\/\/adhocstudio.be\/wp-content\/uploads\/2023\/09\/placet_03-1536x1117.jpg 1536w, https:\/\/adhocstudio.be\/wp-content\/uploads\/2023\/09\/placet_03-2048x1489.jpg 2048w, https:\/\/adhocstudio.be\/wp-content\/uploads\/2023\/09\/placet_03-18x12.jpg 18w\" sizes=\"(max-width: 1024px) 100vw, 1024px\" \/><\/div><\/div><\/figure><\/div><\/li><li class=\"kadence-blocks-gallery-item\" tabindex=\"0\"><div class=\"kadence-blocks-gallery-item-inner\"><figure class=\"kb-gallery-figure kadence-blocks-gallery-item-hide-caption\"><div class=\"kb-gal-image-radius\" style=\"max-width:1024px;\"><div class=\"kb-gallery-image-contain kadence-blocks-gallery-intrinsic\" style=\"padding-bottom:66%;\"><img loading=\"lazy\" decoding=\"async\" src=\"https:\/\/adhocstudio.be\/wp-content\/uploads\/2023\/09\/placet_04-1024x681.jpg\" width=\"1024\" height=\"681\" alt=\"\" data-full-image=\"https:\/\/adhocstudio.be\/wp-content\/uploads\/2023\/09\/placet_04-scaled.jpg\" data-light-image=\"https:\/\/adhocstudio.be\/wp-content\/uploads\/2023\/09\/placet_04-scaled.jpg\" data-id=\"439\" class=\"wp-image-439\" srcset=\"https:\/\/adhocstudio.be\/wp-content\/uploads\/2023\/09\/placet_04-1024x681.jpg 1024w, https:\/\/adhocstudio.be\/wp-content\/uploads\/2023\/09\/placet_04-300x199.jpg 300w, https:\/\/adhocstudio.be\/wp-content\/uploads\/2023\/09\/placet_04-768x511.jpg 768w, https:\/\/adhocstudio.be\/wp-content\/uploads\/2023\/09\/placet_04-1536x1021.jpg 1536w, https:\/\/adhocstudio.be\/wp-content\/uploads\/2023\/09\/placet_04-2048x1361.jpg 2048w, https:\/\/adhocstudio.be\/wp-content\/uploads\/2023\/09\/placet_04-18x12.jpg 18w\" sizes=\"(max-width: 1024px) 100vw, 1024px\" \/><\/div><\/div><\/figure><\/div><\/li><li class=\"kadence-blocks-gallery-item\" tabindex=\"0\"><div class=\"kadence-blocks-gallery-item-inner\"><figure class=\"kb-gallery-figure kadence-blocks-gallery-item-hide-caption\"><div class=\"kb-gal-image-radius\" style=\"max-width:1024px;\"><div class=\"kb-gallery-image-contain kadence-blocks-gallery-intrinsic\" style=\"padding-bottom:79%;\"><img loading=\"lazy\" decoding=\"async\" src=\"https:\/\/adhocstudio.be\/wp-content\/uploads\/2023\/09\/placet_05-1024x819.jpg\" width=\"1024\" height=\"819\" alt=\"\" data-full-image=\"https:\/\/adhocstudio.be\/wp-content\/uploads\/2023\/09\/placet_05-scaled.jpg\" data-light-image=\"https:\/\/adhocstudio.be\/wp-content\/uploads\/2023\/09\/placet_05-scaled.jpg\" data-id=\"440\" class=\"wp-image-440\" srcset=\"https:\/\/adhocstudio.be\/wp-content\/uploads\/2023\/09\/placet_05-1024x819.jpg 1024w, https:\/\/adhocstudio.be\/wp-content\/uploads\/2023\/09\/placet_05-300x240.jpg 300w, https:\/\/adhocstudio.be\/wp-content\/uploads\/2023\/09\/placet_05-768x614.jpg 768w, https:\/\/adhocstudio.be\/wp-content\/uploads\/2023\/09\/placet_05-1536x1229.jpg 1536w, https:\/\/adhocstudio.be\/wp-content\/uploads\/2023\/09\/placet_05-2048x1638.jpg 2048w, https:\/\/adhocstudio.be\/wp-content\/uploads\/2023\/09\/placet_05-15x12.jpg 15w\" sizes=\"(max-width: 1024px) 100vw, 1024px\" \/><\/div><\/div><\/figure><\/div><\/li><li class=\"kadence-blocks-gallery-item\" tabindex=\"0\"><div class=\"kadence-blocks-gallery-item-inner\"><figure class=\"kb-gallery-figure kadence-blocks-gallery-item-hide-caption\"><div class=\"kb-gal-image-radius\" style=\"max-width:681px;\"><div class=\"kb-gallery-image-contain kadence-blocks-gallery-intrinsic\" style=\"padding-bottom:150%;\"><img loading=\"lazy\" decoding=\"async\" src=\"https:\/\/adhocstudio.be\/wp-content\/uploads\/2023\/09\/placet_06-681x1024.jpg\" width=\"681\" height=\"1024\" alt=\"\" data-full-image=\"https:\/\/adhocstudio.be\/wp-content\/uploads\/2023\/09\/placet_06-scaled.jpg\" data-light-image=\"https:\/\/adhocstudio.be\/wp-content\/uploads\/2023\/09\/placet_06-scaled.jpg\" data-id=\"441\" class=\"wp-image-441\" srcset=\"https:\/\/adhocstudio.be\/wp-content\/uploads\/2023\/09\/placet_06-681x1024.jpg 681w, https:\/\/adhocstudio.be\/wp-content\/uploads\/2023\/09\/placet_06-199x300.jpg 199w, https:\/\/adhocstudio.be\/wp-content\/uploads\/2023\/09\/placet_06-768x1155.jpg 768w, https:\/\/adhocstudio.be\/wp-content\/uploads\/2023\/09\/placet_06-1021x1536.jpg 1021w, https:\/\/adhocstudio.be\/wp-content\/uploads\/2023\/09\/placet_06-1362x2048.jpg 1362w, https:\/\/adhocstudio.be\/wp-content\/uploads\/2023\/09\/placet_06-8x12.jpg 8w, https:\/\/adhocstudio.be\/wp-content\/uploads\/2023\/09\/placet_06-scaled.jpg 1702w\" sizes=\"(max-width: 681px) 100vw, 681px\" \/><\/div><\/div><\/figure><\/div><\/li><li class=\"kadence-blocks-gallery-item\" tabindex=\"0\"><div class=\"kadence-blocks-gallery-item-inner\"><figure class=\"kb-gallery-figure kadence-blocks-gallery-item-hide-caption\"><div class=\"kb-gal-image-radius\" style=\"max-width:1024px;\"><div class=\"kb-gallery-image-contain kadence-blocks-gallery-intrinsic\" style=\"padding-bottom:66%;\"><img loading=\"lazy\" decoding=\"async\" src=\"https:\/\/adhocstudio.be\/wp-content\/uploads\/2023\/09\/placet01-1024x681.jpg\" width=\"1024\" height=\"681\" alt=\"\" data-full-image=\"https:\/\/adhocstudio.be\/wp-content\/uploads\/2023\/09\/placet01-scaled.jpg\" data-light-image=\"https:\/\/adhocstudio.be\/wp-content\/uploads\/2023\/09\/placet01-scaled.jpg\" data-id=\"442\" class=\"wp-image-442\" srcset=\"https:\/\/adhocstudio.be\/wp-content\/uploads\/2023\/09\/placet01-1024x681.jpg 1024w, https:\/\/adhocstudio.be\/wp-content\/uploads\/2023\/09\/placet01-300x199.jpg 300w, https:\/\/adhocstudio.be\/wp-content\/uploads\/2023\/09\/placet01-768x511.jpg 768w, https:\/\/adhocstudio.be\/wp-content\/uploads\/2023\/09\/placet01-1536x1021.jpg 1536w, https:\/\/adhocstudio.be\/wp-content\/uploads\/2023\/09\/placet01-2048x1362.jpg 2048w, https:\/\/adhocstudio.be\/wp-content\/uploads\/2023\/09\/placet01-18x12.jpg 18w\" sizes=\"(max-width: 1024px) 100vw, 1024px\" \/><\/div><\/div><\/figure><\/div><\/li><li class=\"kadence-blocks-gallery-item\" tabindex=\"0\"><div class=\"kadence-blocks-gallery-item-inner\"><figure class=\"kb-gallery-figure kadence-blocks-gallery-item-hide-caption\"><div class=\"kb-gal-image-radius\" style=\"max-width:1024px;\"><div class=\"kb-gallery-image-contain kadence-blocks-gallery-intrinsic\" style=\"padding-bottom:66%;\"><img loading=\"lazy\" decoding=\"async\" src=\"https:\/\/adhocstudio.be\/wp-content\/uploads\/2023\/09\/salle-de-reunion-1024x681.jpg\" width=\"1024\" height=\"681\" alt=\"\" data-full-image=\"https:\/\/adhocstudio.be\/wp-content\/uploads\/2023\/09\/salle-de-reunion-scaled.jpg\" data-light-image=\"https:\/\/adhocstudio.be\/wp-content\/uploads\/2023\/09\/salle-de-reunion-scaled.jpg\" data-id=\"443\" class=\"wp-image-443\" srcset=\"https:\/\/adhocstudio.be\/wp-content\/uploads\/2023\/09\/salle-de-reunion-1024x681.jpg 1024w, https:\/\/adhocstudio.be\/wp-content\/uploads\/2023\/09\/salle-de-reunion-300x199.jpg 300w, https:\/\/adhocstudio.be\/wp-content\/uploads\/2023\/09\/salle-de-reunion-768x511.jpg 768w, https:\/\/adhocstudio.be\/wp-content\/uploads\/2023\/09\/salle-de-reunion-1536x1021.jpg 1536w, https:\/\/adhocstudio.be\/wp-content\/uploads\/2023\/09\/salle-de-reunion-2048x1362.jpg 2048w, https:\/\/adhocstudio.be\/wp-content\/uploads\/2023\/09\/salle-de-reunion-18x12.jpg 18w\" sizes=\"(max-width: 1024px) 100vw, 1024px\" \/><\/div><\/div><\/figure><\/div><\/li><\/ul><\/div><\/div><\/div>\n\n<\/div><\/div>","protected":false},"excerpt":{"rendered":"","protected":false},"author":1,"featured_media":0,"parent":22,"menu_order":0,"comment_status":"closed","ping_status":"closed","template":"","meta":{"_themeisle_gutenberg_block_has_review":false,"_kad_post_transparent":"disable","_kad_post_title":"hide","_kad_post_layout":"normal","_kad_post_sidebar_id":"","_kad_post_content_style":"unboxed","_kad_post_vertical_padding":"","_kad_post_feature":"","_kad_post_feature_position":"","_kad_post_header":false,"_kad_post_footer":true,"_kad_post_classname":"","footnotes":""},"class_list":["post-434","page","type-page","status-publish","hentry"],"_links":{"self":[{"href":"https:\/\/adhocstudio.be\/en\/wp-json\/wp\/v2\/pages\/434"}],"collection":[{"href":"https:\/\/adhocstudio.be\/en\/wp-json\/wp\/v2\/pages"}],"about":[{"href":"https:\/\/adhocstudio.be\/en\/wp-json\/wp\/v2\/types\/page"}],"author":[{"embeddable":true,"href":"https:\/\/adhocstudio.be\/en\/wp-json\/wp\/v2\/users\/1"}],"replies":[{"embeddable":true,"href":"https:\/\/adhocstudio.be\/en\/wp-json\/wp\/v2\/comments?post=434"}],"version-history":[{"count":4,"href":"https:\/\/adhocstudio.be\/en\/wp-json\/wp\/v2\/pages\/434\/revisions"}],"predecessor-version":[{"id":948,"href":"https:\/\/adhocstudio.be\/en\/wp-json\/wp\/v2\/pages\/434\/revisions\/948"}],"up":[{"embeddable":true,"href":"https:\/\/adhocstudio.be\/en\/wp-json\/wp\/v2\/pages\/22"}],"wp:attachment":[{"href":"https:\/\/adhocstudio.be\/en\/wp-json\/wp\/v2\/media?parent=434"}],"curies":[{"name":"wp","href":"https:\/\/api.w.org\/{rel}","templated":true}]}}