{"id":425,"date":"2023-09-24T22:56:57","date_gmt":"2023-09-24T20:56:57","guid":{"rendered":"https:\/\/adhocstudio.be\/?page_id=425"},"modified":"2024-09-11T14:06:31","modified_gmt":"2024-09-11T12:06:31","slug":"huy","status":"publish","type":"page","link":"https:\/\/adhocstudio.be\/en\/projets\/huy\/","title":{"rendered":"Huy"},"content":{"rendered":"<style>.kb-row-layout-id425_5404bd-a7 > .kt-row-column-wrap{align-content:start;}:where(.kb-row-layout-id425_5404bd-a7 > .kt-row-column-wrap) > .wp-block-kadence-column{justify-content:start;}.kb-row-layout-id425_5404bd-a7 > .kt-row-column-wrap{column-gap:var(--global-kb-gap-md, 2rem);row-gap:var(--global-kb-gap-md, 2rem);padding-top:var(--global-kb-spacing-sm, 1.5rem);padding-bottom:var(--global-kb-spacing-sm, 1.5rem);grid-template-columns:repeat(2, minmax(0, 1fr));}.kb-row-layout-id425_5404bd-a7 > .kt-row-layout-overlay{opacity:0.30;}@media all and (max-width: 1024px){.kb-row-layout-id425_5404bd-a7 > .kt-row-column-wrap{grid-template-columns:repeat(2, minmax(0, 1fr));}}@media all and (max-width: 767px){.kb-row-layout-id425_5404bd-a7 > .kt-row-column-wrap{grid-template-columns:minmax(0, 1fr);}}<\/style><div class=\"kb-row-layout-wrap kb-row-layout-id425_5404bd-a7 alignnone wp-block-kadence-rowlayout\"><div class=\"kt-row-column-wrap kt-has-2-columns kt-row-layout-equal kt-tab-layout-inherit kt-mobile-layout-row kt-row-valign-top\">\n<style>#wrapper.site{overflow:clip;}.kadence-column425_d94dcf-6e{--kb-section-setting-offset:80px;}.kadence-column425_d94dcf-6e > .kt-inside-inner-col,.kadence-column425_d94dcf-6e > .kt-inside-inner-col:before{border-top-left-radius:0px;border-top-right-radius:0px;border-bottom-right-radius:0px;border-bottom-left-radius:0px;}.kadence-column425_d94dcf-6e > .kt-inside-inner-col{column-gap:var(--global-kb-gap-sm, 1rem);}.kadence-column425_d94dcf-6e > .kt-inside-inner-col{flex-direction:column;}.kadence-column425_d94dcf-6e > .kt-inside-inner-col > .aligncenter{width:100%;}.kadence-column425_d94dcf-6e > .kt-inside-inner-col:before{opacity:0.3;}.kadence-column425_d94dcf-6e{position:relative;}@media all and (max-width: 1024px){.kadence-column425_d94dcf-6e > .kt-inside-inner-col{flex-direction:column;justify-content:center;}}@media all and (max-width: 767px){.kadence-column425_d94dcf-6e > .kt-inside-inner-col{flex-direction:column;justify-content:center;}}<\/style>\n<div class=\"wp-block-kadence-column kadence-column425_d94dcf-6e kb-section-is-sticky\"><div class=\"kt-inside-inner-col\"><style>.wp-block-kadence-iconlist.kt-svg-icon-list-items425_e09a8f-24:not(.this-stops-third-party-issues){margin-top:0px;margin-bottom:0px;}.wp-block-kadence-iconlist.kt-svg-icon-list-items425_e09a8f-24 ul.kt-svg-icon-list:not(.this-prevents-issues):not(.this-stops-third-party-issues):not(.tijsloc){margin-top:0px;margin-right:0px;margin-bottom:0px;margin-left:0px;column-gap:30px;}.wp-block-kadence-iconlist.kt-svg-icon-list-items425_e09a8f-24 ul.kt-svg-icon-list{grid-row-gap:30px;}.wp-block-kadence-iconlist.kt-svg-icon-list-items425_e09a8f-24 .kb-svg-icon-wrap{font-size:20px;color:rgba(17,7,245,0);}.wp-block-kadence-iconlist.kt-svg-icon-list-items425_e09a8f-24 ul.kt-svg-icon-list .kt-svg-icon-list-item-wrap .kt-svg-icon-list-single{margin-right:15px;}.kt-svg-icon-list-items425_e09a8f-24 ul.kt-svg-icon-list .kt-svg-icon-list-item-wrap, .kt-svg-icon-list-items425_e09a8f-24 ul.kt-svg-icon-list .kt-svg-icon-list-item-wrap a{font-family:Nunito;font-weight:400;}.kt-svg-icon-list-items425_e09a8f-24 ul.kt-svg-icon-list .kt-svg-icon-list-level-0 .kt-svg-icon-list-single svg{font-size:20px;}<\/style>\n<div class=\"wp-block-kadence-iconlist kt-svg-icon-list-items kt-svg-icon-list-items425_e09a8f-24 kt-svg-icon-list-columns-1 alignnone\"><ul class=\"kt-svg-icon-list\"><style>.kt-svg-icon-list-item-425_e00c2f-54 .kt-svg-icon-list-single{font-size:0px !important;}.kt-svg-icon-list-item-425_e00c2f-54 .kt-svg-icon-list-text mark.kt-highlight{background-color:unset;font-style:normal;color:#f76a0c;-webkit-box-decoration-break:clone;box-decoration-break:clone;padding-top:0px;padding-right:0px;padding-bottom:0px;padding-left:0px;}<\/style>\n<li class=\"wp-block-kadence-listitem kt-svg-icon-list-item-wrap kt-svg-icon-list-item-425_e00c2f-54 kt-svg-icon-list-style-default\"><span class=\"kt-svg-icon-list-text\"><\/span><\/li>\n\n\n<style>.kt-svg-icon-list-item-425_2504ce-45 .kt-svg-icon-list-single{font-size:0px !important;}.kt-svg-icon-list-item-425_2504ce-45 .kt-svg-icon-list-text mark.kt-highlight{background-color:unset;font-style:normal;color:#f76a0c;-webkit-box-decoration-break:clone;box-decoration-break:clone;padding-top:0px;padding-right:0px;padding-bottom:0px;padding-left:0px;}<\/style>\n<li class=\"wp-block-kadence-listitem kt-svg-icon-list-item-wrap kt-svg-icon-list-item-425_2504ce-45 kt-svg-icon-list-style-default\"><span class=\"kb-svg-icon-wrap kb-svg-icon-fe_codepen kt-svg-icon-list-single\"><svg viewbox=\"0 0 24 24\"  fill=\"none\" stroke=\"currentColor\" stroke-width=\"1\" stroke-linecap=\"round\" stroke-linejoin=\"round\" xmlns=\"http:\/\/www.w3.org\/2000\/svg\"  aria-hidden=\"true\"><polygon points=\"12 2 22 8.5 22 15.5 12 22 2 15.5 2 8.5 12 2\"\/><line x1=\"12\" y1=\"22\" x2=\"12\" y2=\"15.5\"\/><polyline points=\"22 8.5 12 15.5 2 8.5\"\/><polyline points=\"2 15.5 12 8.5 22 15.5\"\/><line x1=\"12\" y1=\"2\" x2=\"12\" y2=\"8.5\"\/><\/svg><\/span><span class=\"kt-svg-icon-list-text\"><strong>Huy<\/strong><\/span><\/li>\n\n\n<style>.kt-svg-icon-list-item-425_34de9b-d0 .kt-svg-icon-list-text mark.kt-highlight{background-color:unset;font-style:normal;color:#f76a0c;-webkit-box-decoration-break:clone;box-decoration-break:clone;padding-top:0px;padding-right:0px;padding-bottom:0px;padding-left:0px;}<\/style>\n<li class=\"wp-block-kadence-listitem kt-svg-icon-list-item-wrap kt-svg-icon-list-item-425_34de9b-d0\"><span class=\"kb-svg-icon-wrap kb-svg-icon-fe_codepen kt-svg-icon-list-single\"><svg viewbox=\"0 0 24 24\"  fill=\"none\" stroke=\"currentColor\" stroke-width=\"1\" stroke-linecap=\"round\" stroke-linejoin=\"round\" xmlns=\"http:\/\/www.w3.org\/2000\/svg\"  aria-hidden=\"true\"><polygon points=\"12 2 22 8.5 22 15.5 12 22 2 15.5 2 8.5 12 2\"\/><line x1=\"12\" y1=\"22\" x2=\"12\" y2=\"15.5\"\/><polyline points=\"22 8.5 12 15.5 2 8.5\"\/><polyline points=\"2 15.5 12 8.5 22 15.5\"\/><line x1=\"12\" y1=\"2\" x2=\"12\" y2=\"8.5\"\/><\/svg><\/span><span class=\"kt-svg-icon-list-text\">Espace Saint-Mengold, Pl. Verte, 4500 Huy<\/span><\/li>\n\n\n<style>.kt-svg-icon-list-item-425_d7c9c8-3f .kt-svg-icon-list-text mark.kt-highlight{background-color:unset;font-style:normal;color:#f76a0c;-webkit-box-decoration-break:clone;box-decoration-break:clone;padding-top:0px;padding-right:0px;padding-bottom:0px;padding-left:0px;}<\/style>\n<li class=\"wp-block-kadence-listitem kt-svg-icon-list-item-wrap kt-svg-icon-list-item-425_d7c9c8-3f\"><span class=\"kb-svg-icon-wrap kb-svg-icon-fe_codepen kt-svg-icon-list-single\"><svg viewbox=\"0 0 24 24\"  fill=\"none\" stroke=\"currentColor\" stroke-width=\"1\" stroke-linecap=\"round\" stroke-linejoin=\"round\" xmlns=\"http:\/\/www.w3.org\/2000\/svg\"  aria-hidden=\"true\"><polygon points=\"12 2 22 8.5 22 15.5 12 22 2 15.5 2 8.5 12 2\"\/><line x1=\"12\" y1=\"22\" x2=\"12\" y2=\"15.5\"\/><polyline points=\"22 8.5 12 15.5 2 8.5\"\/><polyline points=\"2 15.5 12 8.5 22 15.5\"\/><line x1=\"12\" y1=\"2\" x2=\"12\" y2=\"8.5\"\/><\/svg><\/span><span class=\"kt-svg-icon-list-text\">En collaboration avec: M. Aurousseau<\/span><\/li>\n\n\n<style>.kt-svg-icon-list-item-425_fba170-a9 .kt-svg-icon-list-text mark.kt-highlight{background-color:unset;font-style:normal;color:#f76a0c;-webkit-box-decoration-break:clone;box-decoration-break:clone;padding-top:0px;padding-right:0px;padding-bottom:0px;padding-left:0px;}<\/style>\n<li class=\"wp-block-kadence-listitem kt-svg-icon-list-item-wrap kt-svg-icon-list-item-425_fba170-a9\"><span class=\"kb-svg-icon-wrap kb-svg-icon-fe_codepen kt-svg-icon-list-single\"><svg viewbox=\"0 0 24 24\"  fill=\"none\" stroke=\"currentColor\" stroke-width=\"1\" stroke-linecap=\"round\" stroke-linejoin=\"round\" xmlns=\"http:\/\/www.w3.org\/2000\/svg\"  aria-hidden=\"true\"><polygon points=\"12 2 22 8.5 22 15.5 12 22 2 15.5 2 8.5 12 2\"\/><line x1=\"12\" y1=\"22\" x2=\"12\" y2=\"15.5\"\/><polyline points=\"22 8.5 12 15.5 2 8.5\"\/><polyline points=\"2 15.5 12 8.5 22 15.5\"\/><line x1=\"12\" y1=\"2\" x2=\"12\" y2=\"8.5\"\/><\/svg><\/span><span class=\"kt-svg-icon-list-text\">2019<\/span><\/li>\n\n\n<style>.kt-svg-icon-list-item-425_5a2db3-6e .kt-svg-icon-list-text mark.kt-highlight{background-color:unset;font-style:normal;color:#f76a0c;-webkit-box-decoration-break:clone;box-decoration-break:clone;padding-top:0px;padding-right:0px;padding-bottom:0px;padding-left:0px;}<\/style>\n<li class=\"wp-block-kadence-listitem kt-svg-icon-list-item-wrap kt-svg-icon-list-item-425_5a2db3-6e\"><span class=\"kb-svg-icon-wrap kb-svg-icon-fe_codepen kt-svg-icon-list-single\"><svg viewbox=\"0 0 24 24\"  fill=\"none\" stroke=\"currentColor\" stroke-width=\"1\" stroke-linecap=\"round\" stroke-linejoin=\"round\" xmlns=\"http:\/\/www.w3.org\/2000\/svg\"  aria-hidden=\"true\"><polygon points=\"12 2 22 8.5 22 15.5 12 22 2 15.5 2 8.5 12 2\"\/><line x1=\"12\" y1=\"22\" x2=\"12\" y2=\"15.5\"\/><polyline points=\"22 8.5 12 15.5 2 8.5\"\/><polyline points=\"2 15.5 12 8.5 22 15.5\"\/><line x1=\"12\" y1=\"2\" x2=\"12\" y2=\"8.5\"\/><\/svg><\/span><span class=\"kt-svg-icon-list-text\">Conception, fabrication et r\u00e9alisation d\u2019un dispositif sc\u00e9nographique pour l\u2019accueil de l\u2019exposition <em>Tihange, Esquisse pour un Shelter Studio, <\/em>Espace Saint-Mengold, Huy.<br><em>Conception-fabrication<\/em><\/span><\/li>\n\n\n<style>.kt-svg-icon-list-item-425_f7c748-21 .kt-svg-icon-list-text mark.kt-highlight{background-color:unset;font-style:normal;color:#f76a0c;-webkit-box-decoration-break:clone;box-decoration-break:clone;padding-top:0px;padding-right:0px;padding-bottom:0px;padding-left:0px;}<\/style>\n<li class=\"wp-block-kadence-listitem kt-svg-icon-list-item-wrap kt-svg-icon-list-item-425_f7c748-21\"><span class=\"kb-svg-icon-wrap kb-svg-icon-fe_codepen kt-svg-icon-list-single\"><svg viewbox=\"0 0 24 24\"  fill=\"none\" stroke=\"currentColor\" stroke-width=\"1\" stroke-linecap=\"round\" stroke-linejoin=\"round\" xmlns=\"http:\/\/www.w3.org\/2000\/svg\"  aria-hidden=\"true\"><polygon points=\"12 2 22 8.5 22 15.5 12 22 2 15.5 2 8.5 12 2\"\/><line x1=\"12\" y1=\"22\" x2=\"12\" y2=\"15.5\"\/><polyline points=\"22 8.5 12 15.5 2 8.5\"\/><polyline points=\"2 15.5 12 8.5 22 15.5\"\/><line x1=\"12\" y1=\"2\" x2=\"12\" y2=\"8.5\"\/><\/svg><\/span><span class=\"kt-svg-icon-list-text\">\u201cHuy\u201d est un dispositif sc\u00e9nographique en bois sapin. Nous avons cr\u00e9\u00e9 un dispositif modulable et interactif qui accueille et interroge les visiteurs sur la th\u00e9matique : une page blanche o\u00f9 le public est invit\u00e9 \u00e0 exprimer sa propre opinion sur le sujet gr\u00e2ce \u00e0 ce dispositif ouvert et en perp\u00e9tuelle \u00e9volution.<\/span><\/li>\n\n\n<style>.kt-svg-icon-list-item-425_546e95-ea .kt-svg-icon-list-text mark.kt-highlight{background-color:unset;font-style:normal;color:#f76a0c;-webkit-box-decoration-break:clone;box-decoration-break:clone;padding-top:0px;padding-right:0px;padding-bottom:0px;padding-left:0px;}<\/style>\n<li class=\"wp-block-kadence-listitem kt-svg-icon-list-item-wrap kt-svg-icon-list-item-425_546e95-ea\"><span class=\"kb-svg-icon-wrap kb-svg-icon-fe_codepen kt-svg-icon-list-single\"><svg viewbox=\"0 0 24 24\"  fill=\"none\" stroke=\"currentColor\" stroke-width=\"1\" stroke-linecap=\"round\" stroke-linejoin=\"round\" xmlns=\"http:\/\/www.w3.org\/2000\/svg\"  aria-hidden=\"true\"><polygon points=\"12 2 22 8.5 22 15.5 12 22 2 15.5 2 8.5 12 2\"\/><line x1=\"12\" y1=\"22\" x2=\"12\" y2=\"15.5\"\/><polyline points=\"22 8.5 12 15.5 2 8.5\"\/><polyline points=\"2 15.5 12 8.5 22 15.5\"\/><line x1=\"12\" y1=\"2\" x2=\"12\" y2=\"8.5\"\/><\/svg><\/span><span class=\"kt-svg-icon-list-text\"><\/span><\/li>\n<\/ul><\/div>\n<\/div><\/div>\n\n\n<style>.kadence-column425_cabe18-cf > .kt-inside-inner-col,.kadence-column425_cabe18-cf > .kt-inside-inner-col:before{border-top-left-radius:0px;border-top-right-radius:0px;border-bottom-right-radius:0px;border-bottom-left-radius:0px;}.kadence-column425_cabe18-cf > .kt-inside-inner-col{column-gap:var(--global-kb-gap-sm, 1rem);}.kadence-column425_cabe18-cf > .kt-inside-inner-col{flex-direction:column;}.kadence-column425_cabe18-cf > .kt-inside-inner-col > .aligncenter{width:100%;}.kadence-column425_cabe18-cf > .kt-inside-inner-col:before{opacity:0.3;}.kadence-column425_cabe18-cf{position:relative;}@media all and (max-width: 1024px){.kadence-column425_cabe18-cf > .kt-inside-inner-col{flex-direction:column;justify-content:center;}}@media all and (max-width: 767px){.kadence-column425_cabe18-cf > .kt-inside-inner-col{flex-direction:column;justify-content:center;}}<\/style>\n<div class=\"wp-block-kadence-column kadence-column425_cabe18-cf\"><div class=\"kt-inside-inner-col\"><style>.wp-block-kadence-advancedgallery .kb-gallery-type-masonry.kb-gallery-id-425_1ad904-47{margin:-45.5px;}.kb-gallery-type-masonry.kb-gallery-id-425_1ad904-47 .kadence-blocks-gallery-item{padding:45.5px;}.kb-gallery-id-425_1ad904-47 .kadence-blocks-gallery-item .kb-gal-image-radius, .kb-gallery-id-425_1ad904-47 .kb-slide-item .kb-gal-image-radius img{border-radius:5px 5px 5px 5px;;}.wp-block-kadence-advancedgallery.kb-gallery-wrap-id-425_1ad904-47{overflow:visible;}.kb-gallery-id-425_1ad904-47 .kadence-blocks-gallery-item .kb-gal-image-radius, .kb-gallery-id-425_1ad904-47 .kadence-blocks-gallery-thumb-item .kb-gal-image-radius{box-shadow:4px 2px 14px 0px rgba(0, 0, 0, 0.2);}.kb-gallery-id-425_1ad904-47 .kadence-blocks-gallery-item:hover .kb-gal-image-radius, .kb-gallery-id-425_1ad904-47 .kadence-blocks-gallery-thumb-item:hover .kb-gal-image-radius{box-shadow:4px 2px 14px 0px rgba(0, 0, 0, 0.2);}<\/style><div class=\"kb-gallery-wrap-id-425_1ad904-47 alignnone wp-block-kadence-advancedgallery\"><ul class=\"kb-gallery-ul kb-gallery-non-static kb-gallery-type-masonry kb-masonry-init kb-gallery-id-425_1ad904-47 kb-gallery-caption-style-bottom-hover kb-gallery-filter-none\" data-image-filter=\"none\" data-item-selector=\".kadence-blocks-gallery-item\" data-lightbox-caption=\"true\" data-columns-xxl=\"1\" data-columns-xl=\"1\" data-columns-md=\"1\" data-columns-sm=\"1\" data-columns-xs=\"1\" data-columns-ss=\"1\"><li class=\"kadence-blocks-gallery-item\" tabindex=\"0\"><div class=\"kadence-blocks-gallery-item-inner\"><figure class=\"kb-gallery-figure kadence-blocks-gallery-item-hide-caption\"><div class=\"kb-gal-image-radius\" style=\"max-width:1024px;\"><div class=\"kb-gallery-image-contain kadence-blocks-gallery-intrinsic\" style=\"padding-bottom:66%;\"><img loading=\"lazy\" decoding=\"async\" src=\"https:\/\/adhocstudio.be\/wp-content\/uploads\/2023\/09\/huy01-1024x681.jpg\" width=\"1024\" height=\"681\" alt=\"\" data-full-image=\"https:\/\/adhocstudio.be\/wp-content\/uploads\/2023\/09\/huy01-scaled.jpg\" data-light-image=\"https:\/\/adhocstudio.be\/wp-content\/uploads\/2023\/09\/huy01-scaled.jpg\" data-id=\"427\" class=\"wp-image-427\" srcset=\"https:\/\/adhocstudio.be\/wp-content\/uploads\/2023\/09\/huy01-1024x681.jpg 1024w, https:\/\/adhocstudio.be\/wp-content\/uploads\/2023\/09\/huy01-300x199.jpg 300w, https:\/\/adhocstudio.be\/wp-content\/uploads\/2023\/09\/huy01-768x511.jpg 768w, https:\/\/adhocstudio.be\/wp-content\/uploads\/2023\/09\/huy01-1536x1021.jpg 1536w, https:\/\/adhocstudio.be\/wp-content\/uploads\/2023\/09\/huy01-2048x1362.jpg 2048w, https:\/\/adhocstudio.be\/wp-content\/uploads\/2023\/09\/huy01-18x12.jpg 18w\" sizes=\"(max-width: 1024px) 100vw, 1024px\" \/><\/div><\/div><\/figure><\/div><\/li><li class=\"kadence-blocks-gallery-item\" tabindex=\"0\"><div class=\"kadence-blocks-gallery-item-inner\"><figure class=\"kb-gallery-figure kadence-blocks-gallery-item-hide-caption\"><div class=\"kb-gal-image-radius\" style=\"max-width:681px;\"><div class=\"kb-gallery-image-contain kadence-blocks-gallery-intrinsic\" style=\"padding-bottom:150%;\"><img loading=\"lazy\" decoding=\"async\" src=\"https:\/\/adhocstudio.be\/wp-content\/uploads\/2023\/09\/huy02-681x1024.jpg\" width=\"681\" height=\"1024\" alt=\"\" data-full-image=\"https:\/\/adhocstudio.be\/wp-content\/uploads\/2023\/09\/huy02-scaled.jpg\" data-light-image=\"https:\/\/adhocstudio.be\/wp-content\/uploads\/2023\/09\/huy02-scaled.jpg\" data-id=\"428\" class=\"wp-image-428\" srcset=\"https:\/\/adhocstudio.be\/wp-content\/uploads\/2023\/09\/huy02-681x1024.jpg 681w, https:\/\/adhocstudio.be\/wp-content\/uploads\/2023\/09\/huy02-199x300.jpg 199w, https:\/\/adhocstudio.be\/wp-content\/uploads\/2023\/09\/huy02-768x1155.jpg 768w, https:\/\/adhocstudio.be\/wp-content\/uploads\/2023\/09\/huy02-1021x1536.jpg 1021w, https:\/\/adhocstudio.be\/wp-content\/uploads\/2023\/09\/huy02-1362x2048.jpg 1362w, https:\/\/adhocstudio.be\/wp-content\/uploads\/2023\/09\/huy02-8x12.jpg 8w, https:\/\/adhocstudio.be\/wp-content\/uploads\/2023\/09\/huy02-scaled.jpg 1702w\" sizes=\"(max-width: 681px) 100vw, 681px\" \/><\/div><\/div><\/figure><\/div><\/li><li class=\"kadence-blocks-gallery-item\" tabindex=\"0\"><div class=\"kadence-blocks-gallery-item-inner\"><figure class=\"kb-gallery-figure kadence-blocks-gallery-item-hide-caption\"><div class=\"kb-gal-image-radius\" style=\"max-width:1024px;\"><div class=\"kb-gallery-image-contain kadence-blocks-gallery-intrinsic\" style=\"padding-bottom:66%;\"><img loading=\"lazy\" decoding=\"async\" src=\"https:\/\/adhocstudio.be\/wp-content\/uploads\/2023\/09\/huy03-1024x681.jpg\" width=\"1024\" height=\"681\" alt=\"\" data-full-image=\"https:\/\/adhocstudio.be\/wp-content\/uploads\/2023\/09\/huy03-scaled.jpg\" data-light-image=\"https:\/\/adhocstudio.be\/wp-content\/uploads\/2023\/09\/huy03-scaled.jpg\" data-id=\"430\" class=\"wp-image-430\" srcset=\"https:\/\/adhocstudio.be\/wp-content\/uploads\/2023\/09\/huy03-1024x681.jpg 1024w, https:\/\/adhocstudio.be\/wp-content\/uploads\/2023\/09\/huy03-300x199.jpg 300w, https:\/\/adhocstudio.be\/wp-content\/uploads\/2023\/09\/huy03-768x511.jpg 768w, https:\/\/adhocstudio.be\/wp-content\/uploads\/2023\/09\/huy03-1536x1021.jpg 1536w, https:\/\/adhocstudio.be\/wp-content\/uploads\/2023\/09\/huy03-2048x1362.jpg 2048w, https:\/\/adhocstudio.be\/wp-content\/uploads\/2023\/09\/huy03-18x12.jpg 18w\" sizes=\"(max-width: 1024px) 100vw, 1024px\" \/><\/div><\/div><\/figure><\/div><\/li><li class=\"kadence-blocks-gallery-item\" tabindex=\"0\"><div class=\"kadence-blocks-gallery-item-inner\"><figure class=\"kb-gallery-figure kadence-blocks-gallery-item-hide-caption\"><div class=\"kb-gal-image-radius\" style=\"max-width:1024px;\"><div class=\"kb-gallery-image-contain kadence-blocks-gallery-intrinsic\" style=\"padding-bottom:75%;\"><img loading=\"lazy\" decoding=\"async\" src=\"https:\/\/adhocstudio.be\/wp-content\/uploads\/2023\/09\/huy04-1024x768.jpg\" width=\"1024\" height=\"768\" alt=\"\" data-full-image=\"https:\/\/adhocstudio.be\/wp-content\/uploads\/2023\/09\/huy04-scaled.jpg\" data-light-image=\"https:\/\/adhocstudio.be\/wp-content\/uploads\/2023\/09\/huy04-scaled.jpg\" data-id=\"431\" class=\"wp-image-431\" srcset=\"https:\/\/adhocstudio.be\/wp-content\/uploads\/2023\/09\/huy04-1024x768.jpg 1024w, https:\/\/adhocstudio.be\/wp-content\/uploads\/2023\/09\/huy04-300x225.jpg 300w, https:\/\/adhocstudio.be\/wp-content\/uploads\/2023\/09\/huy04-768x576.jpg 768w, https:\/\/adhocstudio.be\/wp-content\/uploads\/2023\/09\/huy04-1536x1152.jpg 1536w, https:\/\/adhocstudio.be\/wp-content\/uploads\/2023\/09\/huy04-2048x1536.jpg 2048w, https:\/\/adhocstudio.be\/wp-content\/uploads\/2023\/09\/huy04-16x12.jpg 16w\" sizes=\"(max-width: 1024px) 100vw, 1024px\" \/><\/div><\/div><\/figure><\/div><\/li><li class=\"kadence-blocks-gallery-item\" tabindex=\"0\"><div class=\"kadence-blocks-gallery-item-inner\"><figure class=\"kb-gallery-figure kadence-blocks-gallery-item-hide-caption\"><div class=\"kb-gal-image-radius\" style=\"max-width:1024px;\"><div class=\"kb-gallery-image-contain kadence-blocks-gallery-intrinsic\" style=\"padding-bottom:66%;\"><img loading=\"lazy\" decoding=\"async\" src=\"https:\/\/adhocstudio.be\/wp-content\/uploads\/2023\/09\/huy05-1024x681.jpg\" width=\"1024\" height=\"681\" alt=\"\" data-full-image=\"https:\/\/adhocstudio.be\/wp-content\/uploads\/2023\/09\/huy05-scaled.jpg\" data-light-image=\"https:\/\/adhocstudio.be\/wp-content\/uploads\/2023\/09\/huy05-scaled.jpg\" data-id=\"432\" class=\"wp-image-432\" srcset=\"https:\/\/adhocstudio.be\/wp-content\/uploads\/2023\/09\/huy05-1024x681.jpg 1024w, https:\/\/adhocstudio.be\/wp-content\/uploads\/2023\/09\/huy05-300x199.jpg 300w, https:\/\/adhocstudio.be\/wp-content\/uploads\/2023\/09\/huy05-768x511.jpg 768w, https:\/\/adhocstudio.be\/wp-content\/uploads\/2023\/09\/huy05-1536x1021.jpg 1536w, https:\/\/adhocstudio.be\/wp-content\/uploads\/2023\/09\/huy05-2048x1362.jpg 2048w, https:\/\/adhocstudio.be\/wp-content\/uploads\/2023\/09\/huy05-18x12.jpg 18w\" sizes=\"(max-width: 1024px) 100vw, 1024px\" \/><\/div><\/div><\/figure><\/div><\/li><\/ul><\/div><\/div><\/div>\n\n<\/div><\/div>","protected":false},"excerpt":{"rendered":"","protected":false},"author":1,"featured_media":0,"parent":22,"menu_order":0,"comment_status":"closed","ping_status":"closed","template":"","meta":{"_themeisle_gutenberg_block_has_review":false,"_kad_post_transparent":"disable","_kad_post_title":"hide","_kad_post_layout":"normal","_kad_post_sidebar_id":"","_kad_post_content_style":"unboxed","_kad_post_vertical_padding":"","_kad_post_feature":"","_kad_post_feature_position":"","_kad_post_header":false,"_kad_post_footer":true,"_kad_post_classname":"","footnotes":""},"class_list":["post-425","page","type-page","status-publish","hentry"],"_links":{"self":[{"href":"https:\/\/adhocstudio.be\/en\/wp-json\/wp\/v2\/pages\/425"}],"collection":[{"href":"https:\/\/adhocstudio.be\/en\/wp-json\/wp\/v2\/pages"}],"about":[{"href":"https:\/\/adhocstudio.be\/en\/wp-json\/wp\/v2\/types\/page"}],"author":[{"embeddable":true,"href":"https:\/\/adhocstudio.be\/en\/wp-json\/wp\/v2\/users\/1"}],"replies":[{"embeddable":true,"href":"https:\/\/adhocstudio.be\/en\/wp-json\/wp\/v2\/comments?post=425"}],"version-history":[{"count":7,"href":"https:\/\/adhocstudio.be\/en\/wp-json\/wp\/v2\/pages\/425\/revisions"}],"predecessor-version":[{"id":937,"href":"https:\/\/adhocstudio.be\/en\/wp-json\/wp\/v2\/pages\/425\/revisions\/937"}],"up":[{"embeddable":true,"href":"https:\/\/adhocstudio.be\/en\/wp-json\/wp\/v2\/pages\/22"}],"wp:attachment":[{"href":"https:\/\/adhocstudio.be\/en\/wp-json\/wp\/v2\/media?parent=425"}],"curies":[{"name":"wp","href":"https:\/\/api.w.org\/{rel}","templated":true}]}}